{"id":81,"date":"2025-04-18T16:45:26","date_gmt":"2025-04-18T16:45:26","guid":{"rendered":"https:\/\/choralschola.kantorei.it\/?page_id=81"},"modified":"2025-04-23T09:25:06","modified_gmt":"2025-04-23T09:25:06","slug":"datenschutzerklaerung","status":"publish","type":"page","link":"https:\/\/choralschola.kantorei.it\/index.php\/datenschutzerklaerung\/","title":{"rendered":"Datenschutzerkl\u00e4rung"},"content":{"rendered":"\n<p><strong>Aufkl\u00e4rungsschreiben zum Datenschutz im Sinne des italienischen gesetzesvertretenden Dekretes vom 30. Juni 2003:<\/strong><\/p>\n\n\n\n<p>Im Sinne des Art. 13 des italienischen gesetzesvertretenden Dekrets Nr. 196 vom 30. Juni 2003 (\u201eDatenschutzkodex\u201c) informieren wir dar\u00fcber, dass die Kantorei Leonhard Lechner EO, Grieser Platz, 20 \u2013 39100 Bozen \u2013 Italien, die pers\u00f6nlichen Daten (Name, Adresse, E-Mail. usw) von Besucher:innen der Website, Kund:innen, Lieferant:innen und Personen verarbeitet, die ihre Personalien der Kantorei Leonhard Lechner EO mitteilen, oder deren Daten durch Dritte, z. B. bei der Erfassung von externen Daten f\u00fcr gesch\u00e4ftliche Informationen, \u00f6ffentlichen Verzeichnissen usw., \u00fcbernommen werden. Es handelt sich im letzten Fall ausschlie\u00dflich um pers\u00f6nliche Daten gemeiner Natur.<\/p>\n\n\n\n<p>Die Kantorei Leonhard Lechner EO garantiert im Rahmen des Datenschutzkodex, dass die Verarbeitung der pers\u00f6nlichen Daten unter Ber\u00fccksichtigung der grundlegenden Rechte und Freiheiten sowie der W\u00fcrde des Betroffenen mit besonderem Bezug auf die Geheimhaltung, die pers\u00f6nliche Identit\u00e4t und das Recht auf Schutz der pers\u00f6nlichen Daten erfolgt.<\/p>\n\n\n\n<p><strong>Ziel- und Zweckstellungen bei der Datenverarbeitung:<\/strong><\/p>\n\n\n\n<ul class=\"wp-block-list\">\n<li>Erf\u00fcllung von gesetzlichen Pflichten, Pflichten aus Verordnungen, Gemeinschaftsnormen sowie zivil- und steuerrechtlichen Gesetzen<\/li>\n\n\n\n<li>Erf\u00fcllung eventueller vertraglicher Verpflichtungen gegen\u00fcber den Betroffenen<\/li>\n\n\n\n<li>Erf\u00fcllung von T\u00e4tigkeiten in Verbindung mit der Gesch\u00e4ftst\u00e4tigkeit<\/li>\n\n\n\n<li>Zielstellungen gesch\u00e4ftlicher Art wie die Zusendung von Gesch\u00e4ftsinformationen und Werbematerial (per Post, Fax und E-Mail), Marketing und Marktuntersuchungen<\/li>\n\n\n\n<li>Schutz der Forderungen und Verwaltung der Verbindlichkeiten<\/li>\n\n\n\n<li>Zielstellungen hinsichtlich Versicherungen<\/li>\n<\/ul>\n\n\n\n<p><strong>In Bezug auf die oben angegebenen Zielstellungen werden Ihre pers\u00f6nlichen Daten bei Bedarf weitergeleitet:<\/strong><\/p>\n\n\n\n<ul class=\"wp-block-list\">\n<li>an die \u00f6ffentlichen Verwaltungen und Beh\u00f6rden, wenn dies gesetzlich vorgesehen ist,<\/li>\n\n\n\n<li>an Kreditinstitute, mit denen unser Verein Gesch\u00e4ftsbeziehungen zur Verwaltung von Forderungen\/Verbindlichkeiten und zur Finanzierungsvermittlung unterh\u00e4lt,<\/li>\n\n\n\n<li>an alle jenen nat\u00fcrlichen und\/oder juristischen, \u00f6ffentlichen und\/oder privaten Personen (Rechts-, Verwaltungs- und Steuerberatungsb\u00fcros, Gerichte, Handelskammern usw.), wenn sich die Weiterleitung als notwendig oder zur Aus\u00fcbung unserer T\u00e4tigkeit zweckdienlich erweist sowie auf die oben angegebene Art und Weise mit den entsprechenden Zielstellungen<\/li>\n<\/ul>\n\n\n\n<p>Die von unserem Verband verarbeiteten pers\u00f6nlichen Daten unterliegen keiner Verbreitung.<\/p>\n\n\n\n<p><strong>Verarbeitung<\/strong><\/p>\n\n\n\n<p>Die Datenverarbeitung kann mit oder ohne Hilfe elektronischer, auf jeden Fall automatischer Mittel erfolgen und umfasst alle im Art. 4, Absatz 1, Buchstabe a des Gesetzesvertretenden Dekretes Nr. 196 vom 30. Juni 2003 vorgesehenen und f\u00fcr die betreffende Datenverarbeitung erforderlichen Vorg\u00e4nge. In jedem Fall wird die Datenverarbeitung unter Einhaltung aller Sicherheitsma\u00dfnahmen durchgef\u00fchrt, die deren Sicherheit und Geheimhaltung gew\u00e4hrleisten.<\/p>\n\n\n\n<p>Das Datenschutzgesetz verleiht den Betroffenen die M\u00f6glichkeit zur Aus\u00fcbung bestimmter Rechte gem\u00e4\u00df Art. 7. Im Einzelnen hat er das Recht zu wissen welche pers\u00f6nlichen Daten der Inhaber \u00fcber ihn besitzt und dar\u00fcber Auskunft zu erhalten, ob Daten \u00fcber ihn vorhanden sind, auch wenn sie noch nicht gespeichert sind und in verst\u00e4ndlicher Form n\u00e4here Angaben \u00fcber diese Daten, Herkunft und den Grund und Zweck ihrer Verarbeitung zu erfahren, sowie Angaben \u00fcber Inhaber und Verantwortlichen der Verarbeitung und Personen und Kategorien von Personen denen diese Daten m\u00f6glicherweise \u00fcbermittelt werden.<\/p>\n\n\n\n<p>Der Betroffene hat das Recht seine Daten zu best\u00e4tigen und zu kontrollieren, zu berichtigen und zu erg\u00e4nzen, zu beantragen, dass die Daten gel\u00f6scht, gesperrt und in anonyme Daten umgewandelt werden, falls die Verarbeitung gegen die gesetzlichen Bestimmungen verst\u00f6\u00dft. Er hat das Recht, sich aus gerechtfertigtem Grund g\u00e4nzlich oder zum Teil der Verarbeitung seiner Daten zu widersetzten, sowie ihre L\u00f6schung, Sperrung, Umwandlung in anonyme Daten zu verlangen und ohne gerechtfertigten Grund, wenn Daten zum Zwecke der Handelsinformation, des Versands von Werbematerial, des Direktverkaufs, zu Markt und Meinungsforschung verwendet werden.<\/p>\n\n\n\n<p><strong>Verantwortung und Rechte<\/strong><\/p>\n\n\n\n<p>Verantwortlich f\u00fcr die Datenverarbeitung dieser Webseiten ist die <strong>Kantorei Leonhard Lechner EO mit Rechtssitz in 39100 Bozen, Grieser Platz 21, Tel.: 338 \/ 1947120, E-Mail: info@kantorei.it<\/strong><strong><\/strong><\/p>\n\n\n\n<p>Gem\u00e4\u00df Art. 77 der EU-Verordnung 2016\/679 k\u00f6nnen Beschwerden u.a. an die italienische Datenschutzbeh\u00f6rde <strong>\u201cGarante per la protezione dei dati personali\u201d<\/strong> gerichtet werden. Weitere Informationen und die Rechte auf Auskunft, Berichtigung, L\u00f6schung, Einschr\u00e4nkung, Widerspruch und Daten\u00fcbertragung (Kapitel III der Verordnung EU 2016\/679) erhalten Sie unter obigen Kontaktdaten.<\/p>\n","protected":false},"excerpt":{"rendered":"<p>Aufkl\u00e4rungsschreiben zum Datenschutz im Sinne des italienischen gesetzesvertretenden Dekretes vom 30. Juni 2003: Im Sinne des Art. 13 des italienischen gesetzesvertretenden Dekrets Nr. 196 vom 30. Juni 2003 (\u201eDatenschutzkodex\u201c) informieren wir dar\u00fcber, dass die Kantorei Leonhard Lechner EO, Grieser Platz, 20 \u2013 39100 Bozen \u2013 Italien, die pers\u00f6nlichen Daten (Name, Adresse, E-Mail. usw) von Besucher:innen [&hellip;]<\/p>\n","protected":false},"author":1,"featured_media":0,"parent":0,"menu_order":0,"comment_status":"closed","ping_status":"closed","template":"","meta":{"footnotes":""},"class_list":["post-81","page","type-page","status-publish","hentry"],"_links":{"self":[{"href":"https:\/\/choralschola.kantorei.it\/index.php\/wp-json\/wp\/v2\/pages\/81","targetHints":{"allow":["GET"]}}],"collection":[{"href":"https:\/\/choralschola.kantorei.it\/index.php\/wp-json\/wp\/v2\/pages"}],"about":[{"href":"https:\/\/choralschola.kantorei.it\/index.php\/wp-json\/wp\/v2\/types\/page"}],"author":[{"embeddable":true,"href":"https:\/\/choralschola.kantorei.it\/index.php\/wp-json\/wp\/v2\/users\/1"}],"replies":[{"embeddable":true,"href":"https:\/\/choralschola.kantorei.it\/index.php\/wp-json\/wp\/v2\/comments?post=81"}],"version-history":[{"count":2,"href":"https:\/\/choralschola.kantorei.it\/index.php\/wp-json\/wp\/v2\/pages\/81\/revisions"}],"predecessor-version":[{"id":105,"href":"https:\/\/choralschola.kantorei.it\/index.php\/wp-json\/wp\/v2\/pages\/81\/revisions\/105"}],"wp:attachment":[{"href":"https:\/\/choralschola.kantorei.it\/index.php\/wp-json\/wp\/v2\/media?parent=81"}],"curies":[{"name":"wp","href":"https:\/\/api.w.org\/{rel}","templated":true}]}}